{"id":9943,"date":"2026-05-05T18:15:45","date_gmt":"2021-11-08T13:49:25","guid":{"rendered":"https:\/\/dev.norkay.se\/clgshop\/product\/lathornet-reproduktion-a3\/"},"modified":"2026-05-05T18:15:45","modified_gmt":"2026-05-05T18:15:45","slug":"lathornet-reproduktion-a3","status":"publish","type":"product","link":"https:\/\/carllarsson.se\/shop\/product\/lathornet-reproduktion-a3\/","title":{"rendered":"Lath\u00f6rnet \u2013 Reproduktion A3"},"content":{"rendered":"<p>Lisbeth metar. Akvarell, 1898.<\/p>\n<p>Lisbeth har ber\u00e4ttat att hon sk\u00e4mdes rysligt \u00f6ver sin kl\u00e4dsel n\u00e4r hennes pappa m\u00e5lade av henne h\u00e4r. Hon st\u00e5r p\u00e5 stranden till Lilla Hyttn\u00e4s. P\u00e5 andra sidan av Sundborns\u00e5n ses n\u00e4rmast Svanholmen och d\u00e4r bakom Sparst\u00e4kten till v\u00e4nster och Bullerholmen till h\u00f6ger.<\/p>\n<p>Stolek: 30 x 40 cm<\/p>\n","protected":false},"excerpt":{"rendered":"<p>Reproduktion (30\u00d740)<\/p>\n","protected":false},"featured_media":11196,"template":"","meta":{"inline_featured_image":false},"product_cat":[270],"product_tag":[],"class_list":{"0":"post-9943","1":"product","2":"type-product","3":"status-publish","4":"has-post-thumbnail","6":"product_cat-reproduktioner-30x40","8":"first","9":"instock","10":"taxable","11":"shipping-taxable","12":"purchasable","13":"product-type-simple"},"_links":{"self":[{"href":"https:\/\/carllarsson.se\/shop\/wp-json\/wp\/v2\/product\/9943","targetHints":{"allow":["GET"]}}],"collection":[{"href":"https:\/\/carllarsson.se\/shop\/wp-json\/wp\/v2\/product"}],"about":[{"href":"https:\/\/carllarsson.se\/shop\/wp-json\/wp\/v2\/types\/product"}],"wp:featuredmedia":[{"embeddable":true,"href":"https:\/\/carllarsson.se\/shop\/wp-json\/wp\/v2\/media\/11196"}],"wp:attachment":[{"href":"https:\/\/carllarsson.se\/shop\/wp-json\/wp\/v2\/media?parent=9943"}],"wp:term":[{"taxonomy":"product_cat","embeddable":true,"href":"https:\/\/carllarsson.se\/shop\/wp-json\/wp\/v2\/product_cat?post=9943"},{"taxonomy":"product_tag","embeddable":true,"href":"https:\/\/carllarsson.se\/shop\/wp-json\/wp\/v2\/product_tag?post=9943"}],"curies":[{"name":"wp","href":"https:\/\/api.w.org\/{rel}","templated":true}]}}